{"id":14824,"date":"2020-02-21T15:53:12","date_gmt":"2020-02-21T14:53:12","guid":{"rendered":"https:\/\/best-itinerary.com\/?page_id=14824"},"modified":"2025-06-26T10:10:01","modified_gmt":"2025-06-26T08:10:01","slug":"demandez-votre-devis-2","status":"publish","type":"page","link":"https:\/\/best-itinerary.com\/fr\/demande-de-voyage-sur-mesure","title":{"rendered":"Demandez votre voyage sur mesure (gratuit)"},"content":{"rendered":"<div  class=\"one withsmallpadding ppb_text\" style=\"text-align:center;padding:0px 0 0px 0;margin-top:20px;\" >\n<div class=\"standard_wrapper\">\n<div class=\"page_content_wrapper\">\n<div class=\"inner\">\n<div style=\"margin:auto;width:80%\">\n<p><!--&#091;if lte IE 8&#093;>\n<script charset=\"utf-8\" type=\"text\/javascript\" src=\"\/\/js.hsforms.net\/forms\/v2-legacy.js\" async><\/script>\n<!&#091;endif&#093;--><br \/>\n<script charset=\"utf-8\" type=\"text\/javascript\" src=\"\/\/js.hsforms.net\/forms\/v2.js\" async><\/script><\/p>\n<h4 class=\"p1\" style=\"text-align: center;\"><span class=\"s1\"><b>Notre \u00e9quipe de sp\u00e9cialistes passionn\u00e9es est \u00e0 votre service pour vous concocter le voyage de vos r\u00eaves !<\/b><\/span><\/h4>\n<hr \/>\n<p style=\"text-align: center;\"><span style=\"color: #000000;\">Pour aller plus loin :<\/span><\/p>\n<p style=\"text-align: center;\"><span style=\"color: #ff0000;\">1) Renseignez le formulaire ci-dessous<br \/>\n2) Une fois le formulaire valid\u00e9, prenez votre rendez-vous t\u00e9l\u00e9phonique en ligne<\/span><\/p>\n<\/div>\n<\/div>\n<\/div>\n<\/div>\n<\/div>\n<div  class=\"one withsmallpadding ppb_text\" style=\"text-align:center;padding:0px 0 0px 0;margin-top:-80px;\" >\n<div class=\"standard_wrapper\">\n<div class=\"page_content_wrapper\">\n<div class=\"inner\">\n<div style=\"margin:auto;width:60%\">\n<p><script src=\"https:\/\/js.hsforms.net\/forms\/embed\/6412374.js\" defer><\/script><\/p>\n<div class=\"hs-form-frame\" data-region=\"na1\" data-form-id=\"de076e95-0345-416d-a7f2-da80db09c056\" data-portal-id=\"6412374\"><\/div>\n<\/div>\n<\/div>\n<\/div>\n<\/div>\n<\/div>\n","protected":false},"excerpt":{"rendered":"<p>Notre \u00e9quipe de sp\u00e9cialistes passionn\u00e9es est \u00e0 votre service pour vous concocter le voyage de vos r\u00eaves ! Pour aller plus loin : 1) Renseignez le formulaire ci-dessous 2) Une fois le formulaire valid\u00e9, prenez votre rendez-vous t\u00e9l\u00e9phonique en ligne<\/p>\n","protected":false},"author":4,"featured_media":13476,"parent":0,"menu_order":0,"comment_status":"closed","ping_status":"closed","template":"","meta":{"content-type":"","footnotes":""},"class_list":["post-14824","page","type-page","status-publish","has-post-thumbnail","hentry"],"_links":{"self":[{"href":"https:\/\/best-itinerary.com\/en\/wp-json\/wp\/v2\/pages\/14824","targetHints":{"allow":["GET"]}}],"collection":[{"href":"https:\/\/best-itinerary.com\/en\/wp-json\/wp\/v2\/pages"}],"about":[{"href":"https:\/\/best-itinerary.com\/en\/wp-json\/wp\/v2\/types\/page"}],"author":[{"embeddable":true,"href":"https:\/\/best-itinerary.com\/en\/wp-json\/wp\/v2\/users\/4"}],"replies":[{"embeddable":true,"href":"https:\/\/best-itinerary.com\/en\/wp-json\/wp\/v2\/comments?post=14824"}],"version-history":[{"count":20,"href":"https:\/\/best-itinerary.com\/en\/wp-json\/wp\/v2\/pages\/14824\/revisions"}],"predecessor-version":[{"id":64616,"href":"https:\/\/best-itinerary.com\/en\/wp-json\/wp\/v2\/pages\/14824\/revisions\/64616"}],"wp:featuredmedia":[{"embeddable":true,"href":"https:\/\/best-itinerary.com\/en\/wp-json\/wp\/v2\/media\/13476"}],"wp:attachment":[{"href":"https:\/\/best-itinerary.com\/en\/wp-json\/wp\/v2\/media?parent=14824"}],"curies":[{"name":"wp","href":"https:\/\/api.w.org\/{rel}","templated":true}]}}