{"id":64465,"date":"2025-06-19T09:59:17","date_gmt":"2025-06-19T07:59:17","guid":{"rendered":"https:\/\/best-itinerary.com\/?page_id=64465"},"modified":"2025-07-03T16:00:10","modified_gmt":"2025-07-03T14:00:10","slug":"parrainage-best-itinerary","status":"publish","type":"page","link":"https:\/\/best-itinerary.com\/en\/parrainage-best-itinerary\/","title":{"rendered":"Parrainage Best-itinerary.com"},"content":{"rendered":"\n<p class=\"has-text-align-left\">Chez <strong><a href=\"https:\/\/best-itinerary.com\/fr\/\" data-type=\"page\" data-id=\"3102\">Best-itinerary<\/a><\/strong>, nous savons que la meilleure des publicit\u00e9s est un client satisfait.&nbsp;<\/p>\n\n\n\n<p>Vous avez appr\u00e9ci\u00e9 la <strong>simplicit\u00e9<\/strong> et la <strong>qualit\u00e9<\/strong> de votre voyage sur mesure avec nous ? Partagez cette exp\u00e9rience unique avec vos proches et soyez r\u00e9compens\u00e9s gr\u00e2ce au parrainage Best-itinerary !<\/p>\n\n\n\n<p>Notre programme de parrainage a \u00e9t\u00e9 pens\u00e9 pour vous permettre de <strong>faire d\u00e9couvrir les voyages itin\u00e9rants<\/strong> sans stress \u00e0 ceux que vous aimez, tout en b\u00e9n\u00e9ficiant vous-m\u00eame d&#8217;<strong>avantages exclusifs<\/strong> sur votre prochaine aventure.<\/p>\n\n\n\n<div style=\"height:50px\" aria-hidden=\"true\" class=\"wp-block-spacer\"><\/div>\n\n\n\n<h2 class=\"wp-block-heading has-text-align-left\">Comment \u00e7a marche ? C&#8217;est simple et rapide !<\/h2>\n\n\n\n<div style=\"height:31px\" aria-hidden=\"true\" class=\"wp-block-spacer\"><\/div>\n\n\n\n<div class=\"wp-block-columns is-layout-flex wp-container-core-columns-is-layout-9d6595d7 wp-block-columns-is-layout-flex\">\n<div class=\"wp-block-column is-layout-flow wp-block-column-is-layout-flow\"><div class=\"wp-block-image\">\n<figure class=\"aligncenter size-full is-resized\"><img loading=\"lazy\" decoding=\"async\" width=\"1631\" height=\"1087\" src=\"https:\/\/best-itinerary.com\/wp-content\/uploads\/2025\/06\/parrainage-best-itinerary-1-edited-1.webp\" alt=\"\" class=\"wp-image-64495\" style=\"aspect-ratio:1.7777777777777777;width:369px;height:auto\"\/><\/figure>\n<\/div><\/div>\n\n\n\n<div class=\"wp-block-column is-layout-flow wp-block-column-is-layout-flow\">\n<ol class=\"wp-block-list\">\n<li><strong>Parrainez un proche :<\/strong> Demandez votre code parrainage unique et partagez-le avec vos amis, votre famille ou vos coll\u00e8gues qui r\u00eavent d&#8217;un voyage sur mesure.<\/li>\n\n\n\n<li><strong>Votre filleul voyage :<\/strong> Une fois que votre filleul a confirm\u00e9 et r\u00e9gl\u00e9 son premier voyage avec Best-itinerary, en utilisant votre code parrainage, les avantages se d\u00e9bloquent !<\/li>\n\n\n\n<li><strong>Vous \u00eates r\u00e9compens\u00e9 :<\/strong> Recevez une r\u00e9compense pour votre parrainage, \u00e0 valoir sur votre prochain voyage, et votre filleul b\u00e9n\u00e9ficie d&#8217;une r\u00e9duction imm\u00e9diate.<\/li>\n<\/ol>\n<\/div>\n<\/div>\n\n\n\n<div style=\"height:31px\" aria-hidden=\"true\" class=\"wp-block-spacer\"><\/div>\n\n\n\n<div class=\"wp-block-columns is-layout-flex wp-container-core-columns-is-layout-9d6595d7 wp-block-columns-is-layout-flex\">\n<div class=\"wp-block-column is-layout-flow wp-block-column-is-layout-flow\" style=\"flex-basis:100%\">\n<p style=\"text-align: center;\"><a class=\"button small\" style=\"background-color: #ff4a52!important; color: #ffffff !important; border: 1px solid #FF4a52!important;\" href=\"https:\/\/share.hsforms.com\/1wtFQkd2wQSKlikAt9Gd_sw3tfti\" target=\"blank\" rel=\"noopener noreferrer\"> Demander mon code parrainage <\/a><\/p>\n<\/div>\n<\/div>\n\n\n\n<div class=\"wp-block-buttons is-content-justification-center is-layout-flex wp-container-core-buttons-is-layout-16018d1d wp-block-buttons-is-layout-flex\"><\/div>\n\n\n\n<div style=\"height:50px\" aria-hidden=\"true\" class=\"wp-block-spacer\"><\/div>\n\n\n\n<h2 class=\"wp-block-heading has-black-color has-text-color has-link-color wp-elements-9add2e307f2500fe7bf930478df4362c\">Les avantages du parrainage Best-itinerary<\/h2>\n\n\n\n<div style=\"height:30px\" aria-hidden=\"true\" class=\"wp-block-spacer\"><\/div>\n\n\n\n<ul class=\"wp-block-list\">\n<li><strong>Pour le parrain (vous) :<\/strong> Recevez une <strong>r\u00e9duction de 10%TTC<\/strong> sur le montant du forfait (dans le cas du Forfait Classique) ou une <strong>r\u00e9duction de 10%TTC <\/strong>sur le montant de notre commission (dans le cas du Forfait Premium) de votre prochain voyage avec Best-itinerary.com d\u00e8s que votre filleul a finalis\u00e9 sa r\u00e9servation.<\/li>\n\n\n\n<li><strong>Pour le filleul (votre proche) :<\/strong> B\u00e9n\u00e9ficiez d&#8217;une <strong>r\u00e9duction de 10%TTC <\/strong>sur le montant du forfait (dans le cas du Forfait Classique) ou une <strong>r\u00e9duction de 10%TTC <\/strong>sur le montant de notre commission (dans le cas du Forfait Premium) sur votre premier voyage avec nous.<\/li>\n<\/ul>\n\n\n\n<div style=\"height:30px\" aria-hidden=\"true\" class=\"wp-block-spacer\"><\/div>\n\n\n\n<div class=\"wp-block-columns is-layout-flex wp-container-core-columns-is-layout-9d6595d7 wp-block-columns-is-layout-flex\">\n<div class=\"wp-block-column is-layout-flow wp-block-column-is-layout-flow\" style=\"flex-basis:100%\">\n<p style=\"text-align: center;\"><a class=\"button small\" style=\"background-color: #ff4a52!important; color: #ffffff !important; border: 1px solid #FF4a52!important;\" href=\"https:\/\/share.hsforms.com\/1wtFQkd2wQSKlikAt9Gd_sw3tfti\" target=\"blank\" rel=\"noopener noreferrer\"> Demander mon code parrainage <\/a><\/p>\n<\/div>\n<\/div>\n\n\n\n<div style=\"height:50px\" aria-hidden=\"true\" class=\"wp-block-spacer\"><\/div>\n\n\n\n<h2 class=\"wp-block-heading\">Conditions d&#8217;\u00e9ligibilit\u00e9 et d&#8217;utilisation<\/h2>\n\n\n\n<div style=\"height:30px\" aria-hidden=\"true\" class=\"wp-block-spacer\"><\/div>\n\n\n\n<p>Pour que le parrainage se d\u00e9roule sans accroc, voici quelques points importants :<\/p>\n\n\n\n<ul class=\"wp-block-list\">\n<li><strong>Le parrain<\/strong> doit \u00eatre un client Best-itinerary.com ayant d\u00e9j\u00e0 effectu\u00e9 et r\u00e9gl\u00e9 au moins un voyage avec nous.<\/li>\n\n\n\n<li><strong>Le filleul<\/strong> ne doit jamais avoir \u00e9t\u00e9 client de Best-itinerary.com auparavant.<\/li>\n\n\n\n<li>La r\u00e9duction du filleul est appliqu\u00e9e sur son premier voyage, sous r\u00e9serve d&#8217;un montant minimum de 250\u20acTTC de forfait (dans le cas du <a href=\"https:\/\/best-itinerary.com\/fr\/voyage-sur-mesure\/#forfaits\" target=\"_blank\" rel=\"noreferrer noopener\">Forfait Classique<\/a>) ou d\u2019un voyage d\u2019une valeur minimale de 2000\u20acTTC (dans le cas du <a href=\"https:\/\/best-itinerary.com\/fr\/voyage-sur-mesure\/#forfaits\">Forfait Premium<\/a>).<\/li>\n\n\n\n<li>Votre code de parrainage est personnel et peut \u00eatre utilis\u00e9 <strong>jusqu&#8217;\u00e0 10 parrainages<\/strong> r\u00e9ussis. Il est interdit d\u2019en faire la communication sur Internet.<\/li>\n\n\n\n<li>La r\u00e9compense du parrain est utilisable sur un prochain voyage, sous r\u00e9serve d&#8217;un montant minimum de 250\u20acTTC de forfait (dans le cas du Forfait Classique) ou d\u2019un voyage d\u2019une valeur minimale de 2000\u20acTTC (dans le cas du Forfait Premium). Cette r\u00e9compense est<strong> valable pendant 12 mois <\/strong>\u00e0 compter de la validation du voyage du filleul (\u00e0 la date de paiement).<\/li>\n\n\n\n<li>Les offres de parrainage ne sont pas cumulables entre elles, ni avec d&#8217;autres promotions en cours, sauf mention contraire.<\/li>\n<\/ul>\n\n\n\n<div style=\"height:30px\" aria-hidden=\"true\" class=\"wp-block-spacer\"><\/div>\n\n\n\n<div class=\"wp-block-columns is-layout-flex wp-container-core-columns-is-layout-9d6595d7 wp-block-columns-is-layout-flex\">\n<div class=\"wp-block-column is-layout-flow wp-block-column-is-layout-flow\" style=\"flex-basis:100%\">\n<p style=\"text-align: center;\"><a class=\"button small\" style=\"background-color: #ff4a52!important; color: #ffffff !important; border: 1px solid #FF4a52!important;\" href=\"https:\/\/share.hsforms.com\/1wtFQkd2wQSKlikAt9Gd_sw3tfti\" target=\"blank\" rel=\"noopener noreferrer\"> Demander mon code parrainage <\/a><\/p>\n<\/div>\n<\/div>\n\n\n\n<div style=\"height:50px\" aria-hidden=\"true\" class=\"wp-block-spacer\"><\/div>\n\n\n<div class=\"wp-block-image\">\n<figure class=\"aligncenter size-full\"><img loading=\"lazy\" decoding=\"async\" width=\"1000\" height=\"666\" src=\"https:\/\/best-itinerary.com\/wp-content\/uploads\/2025\/02\/agence-de-voyage-toulouse.webp\" alt=\"Agence de voyage Toulouse. Agence de voyages Toulouse. Agences de voyage Toulouse. Agence de voyage \u00e0 Toulouse.\" class=\"wp-image-62322\"\/><\/figure>\n<\/div>\n\n\n<div style=\"height:50px\" aria-hidden=\"true\" class=\"wp-block-spacer\"><\/div>\n\n\n\n<h2 class=\"wp-block-heading\" id=\"formulaire\">Pr\u00eat \u00e0 partager l&#8217;aventure Best-itinerary.com ?<\/h2>\n\n\n\n<div style=\"height:30px\" aria-hidden=\"true\" class=\"wp-block-spacer\"><\/div>\n\n\n\n<p><strong>Votre code parrainage unique :<\/strong> Contactez notre \u00e9quipe pour r\u00e9cup\u00e9rer votre code parrainage.<\/p>\n\n\n\n<p><strong>Parrainez maintenant !<\/strong> Envoyez votre code parrainage \u00e0 <a href=\"mailto:voyage@best-itinerary.com\" target=\"_blank\" rel=\"noreferrer noopener\">voyage@best-itinerary.com<\/a><\/p>\n\n\n\n<div style=\"height:30px\" aria-hidden=\"true\" class=\"wp-block-spacer\"><\/div>\n\n\n\n<div class=\"wp-block-columns is-layout-flex wp-container-core-columns-is-layout-9d6595d7 wp-block-columns-is-layout-flex\">\n<div class=\"wp-block-column is-layout-flow wp-block-column-is-layout-flow\" style=\"flex-basis:100%\">\n<p style=\"text-align: center;\"><a class=\"button small\" style=\"background-color: #ff4a52!important; color: #ffffff !important; border: 1px solid #FF4a52!important;\" href=\"https:\/\/share.hsforms.com\/1wtFQkd2wQSKlikAt9Gd_sw3tfti\" target=\"blank\" rel=\"noopener noreferrer\"> Demander mon code parrainage <\/a><\/p>\n<\/div>\n<\/div>\n\n\n\n<div style=\"height:50px\" aria-hidden=\"true\" class=\"wp-block-spacer\"><\/div>\n\n\n\n<h2 class=\"wp-block-heading\">Des questions sur le parrainage Best-itinerary ?<\/h2>\n\n\n\n<div style=\"height:30px\" aria-hidden=\"true\" class=\"wp-block-spacer\"><\/div>\n\n\n\n<p>Contactez notre \u00e9quipe pour toute assistance au <strong>05 33 89 91 99<\/strong> ! <\/p>\n\n\n\n<div style=\"height:30px\" aria-hidden=\"true\" class=\"wp-block-spacer\"><\/div>\n\n\n\n<div class=\"wp-block-columns is-layout-flex wp-container-core-columns-is-layout-9d6595d7 wp-block-columns-is-layout-flex\">\n<div class=\"wp-block-column is-layout-flow wp-block-column-is-layout-flow\" style=\"flex-basis:100%\">\n<p style=\"text-align: center;\"><a class=\"button small\" style=\"background-color: #ff4a52!important; color: #ffffff !important; border: 1px solid #FF4a52!important;\" href=\"tel:+33533899199\" target=\"blank\" rel=\"noopener noreferrer\"> \ud83d\udcde  Nous contacter <\/a><\/p>\n<\/div>\n<\/div>\n","protected":false},"excerpt":{"rendered":"<p>Chez Best-itinerary, nous savons que la meilleure des publicit\u00e9s est un client satisfait.&nbsp; Vous avez appr\u00e9ci\u00e9 la simplicit\u00e9 et la qualit\u00e9 de votre voyage sur mesure avec nous ? Partagez cette exp\u00e9rience unique avec vos proches et soyez r\u00e9compens\u00e9s gr\u00e2ce [&hellip;]<\/p>\n","protected":false},"author":4,"featured_media":64483,"parent":0,"menu_order":0,"comment_status":"closed","ping_status":"closed","template":"","meta":{"content-type":"","footnotes":""},"class_list":["post-64465","page","type-page","status-publish","has-post-thumbnail","hentry"],"_links":{"self":[{"href":"https:\/\/best-itinerary.com\/en\/wp-json\/wp\/v2\/pages\/64465","targetHints":{"allow":["GET"]}}],"collection":[{"href":"https:\/\/best-itinerary.com\/en\/wp-json\/wp\/v2\/pages"}],"about":[{"href":"https:\/\/best-itinerary.com\/en\/wp-json\/wp\/v2\/types\/page"}],"author":[{"embeddable":true,"href":"https:\/\/best-itinerary.com\/en\/wp-json\/wp\/v2\/users\/4"}],"replies":[{"embeddable":true,"href":"https:\/\/best-itinerary.com\/en\/wp-json\/wp\/v2\/comments?post=64465"}],"version-history":[{"count":32,"href":"https:\/\/best-itinerary.com\/en\/wp-json\/wp\/v2\/pages\/64465\/revisions"}],"predecessor-version":[{"id":65075,"href":"https:\/\/best-itinerary.com\/en\/wp-json\/wp\/v2\/pages\/64465\/revisions\/65075"}],"wp:featuredmedia":[{"embeddable":true,"href":"https:\/\/best-itinerary.com\/en\/wp-json\/wp\/v2\/media\/64483"}],"wp:attachment":[{"href":"https:\/\/best-itinerary.com\/en\/wp-json\/wp\/v2\/media?parent=64465"}],"curies":[{"name":"wp","href":"https:\/\/api.w.org\/{rel}","templated":true}]}}