{"id":19313,"date":"2018-06-13T15:47:02","date_gmt":"2018-06-13T13:47:02","guid":{"rendered":"https:\/\/best-itinerary.com\/mentions-legales-de-best-itinerary-com\/"},"modified":"2024-09-30T13:46:26","modified_gmt":"2024-09-30T11:46:26","slug":"avisos-legales-de-best-itinerary-com","status":"publish","type":"page","link":"https:\/\/best-itinerary.com\/es\/avisos-legales-de-best-itinerary-com\/","title":{"rendered":"CGU &#038; Avisos legales de Best-itinerary.com"},"content":{"rendered":"<h2>Informaciones legales<\/h2>\n<h3>1. Presentaci\u00f3n del sitio.<\/h3>\n<p>En virtud del art\u00edculo 6 de la Ley n\u00ba 2004-575, de 21 de junio de 2004, sobre la confianza en la econom\u00eda digital, los usuarios del sitio web <a href=\"https:\/\/best-itinerary.com\" target=\"_blank\" rel=\"noopener\">https:\/\/best-itinerary.com<\/a> est\u00e1n informados de la identidad de las distintas partes que intervienen en su aplicaci\u00f3n y control:<\/p>\n<p><strong>Propietario<\/strong> : ShareYourTrip SAS<\/p>\n<p>SAS con capital de 1.500 euros, representada por Julien PIERRAT.<br \/>\nDomicilio social: 65 rue Borie, 33300 BORDEAUX.<br \/>\nCorreo electr\u00f3nico: voyage@best-itinerary.com<br \/>\nInscrita en el RCS de Burdeos (SIRET): 829 058 023 00021.<br \/>\nN\u00famero de IVA intracomunitario: FR88829058023.<br \/>\nN\u00famero de registro ATOUT FRANCE: IM033220004.<br \/>\nGarant\u00eda financiera: GROUPAMA ASSURANCE-CR\u00c9DIT &amp; CAUTION, 8-10 RUE D&#8217;ASTORG, 75008 PARIS, FRANCE.<br \/>\nSeguro de responsabilidad civil profesional: AXA FRANCE IARD, 313 TERRASSES DE L&#8217;ARCHE, 92727 NANTERRE CEDEX, FRANCE.<\/p>\n<p><strong>Responsable de la publicaci\u00f3n<\/strong> : Marie JONAC \u2013 voyage@best-itinerary.com<br \/>\nEl responsable de la publicaci\u00f3n es una persona f\u00edsica o moral.<br \/>\n<strong>Webmaster<\/strong> : Benoit MAURIN \u2013 voyage@best-itinerary.com<br \/>\n<strong>Servidor web<\/strong> : O2switch \u2013 222-224 Boulevard Gustave Flaubert \u2013 63000 Clermont-Ferrand<br \/>\n\u2013 France<\/p>\n<h3>2. Condiciones generales de uso del sitio y de los servicios ofrecidos.<\/h3>\n<p>El uso del sitio web <a href=\"https:\/\/best-itinerary.com\" target=\"_blank\" rel=\"noopener\">https:\/\/best-itinerary.com<\/a> implica la aceptaci\u00f3n plena y completa de las condiciones generales de uso descritas a continuaci\u00f3n. Estas condiciones de uso pueden ser modificadas o completadas en cualquier momento, por lo que se invita a los usuarios del sitio <a href=\"https:\/\/best-itinerary.com\" target=\"_blank\" rel=\"noopener\">https:\/\/best-itinerary.com<\/a> a consultarlas de manera regular.<\/p>\n<p>Este sitio es normalmente accesible a los usuarios en todo momento. Sin embargo, una interrupci\u00f3n por mantenimiento t\u00e9cnico puede ser decidida por el Propietario, que se esforzar\u00e1 por informar a los usuarios con antelaci\u00f3n de las fechas y horas de la intervenci\u00f3n.<\/p>\n<p>El sitio <a href=\"https:\/\/best-itinerary.com\/\">https:\/\/best-itinerary.com<\/a> es actualizado regularmente por la persona responsable de la publicaci\u00f3n. De igual forma, los avisos legales puedes ser modificadas en cualquier momento: no obstante, son vinculantes para el usuario, al que se invita a remitirse a ellos con la mayor frecuencia posible para conocerlos.<\/p>\n<h3>3. Descripci\u00f3n de servicios prestados.<\/h3>\n<p>El sitio <a href=\"https:\/\/best-itinerary.com\/\">https:\/\/best-itinerary.com<\/a> est\u00e9 destinado a proporcionar informaci\u00f3n sobre todas las actividades de la empresa.<\/p>\n<p>El propietario se esfuerza por proporcionar en el sitio <a href=\"https:\/\/best-itinerary.com\">https:\/\/best-itinerary.com<\/a> las informaciones m\u00e1s precisas. Sin embargo, no se hace responsable de las omisiones, inexactitudes y deficiencias en la actualizaci\u00f3n, ya sean causadas por ella misma o por los terceros asociados que le proporcionan esta informaci\u00f3n<\/p>\n<p>Todas las informaciones indicadas en el sitio se dan a titulo informativo, y pueden evolucionar. Adem\u00e1s, las informaciones del sitio <a href=\"https:\/\/best-itinerary.com\">https:\/\/best-itinerary.com<\/a> no son exhaustivas. Se dan a reserva de modificaciones que se hayan hecho desde que se pusieron en l\u00ednea.<\/p>\n<h3>4. Limitaciones contractuales de los datos t\u00e9cnicos.<\/h3>\n<p>El sitio utiliza la tecnolog\u00eda JavaScript.<\/p>\n<p>El sitio web no se har\u00e1 responsable de ning\u00fan da\u00f1o material relacionado al uso del sitio. Por otra parte, el usuario del sitio se compromete a acceder al sitio utilizando un equipo reciente, que no contenga virus y navegador actualizado de ultima generaci\u00f3n<\/p>\n<h3>5. Propiedad intelectual y falsificaci\u00f3n.<\/h3>\n<p>El propietario es el titular de los derechos de propiedad intelectual o tiene los derechos de uso sobre todo los elementos accesibles del sitio, en particular los textos, im\u00e1genes, gr\u00e1ficos, logotipo, iconos, sonidos, software.<\/p>\n<p>Toda reproducci\u00f3n, representaci\u00f3n, modificaci\u00f3n, publicaci\u00f3n, adaptaci\u00f3n del conjunto o de una parte de los elementos del sitio, Cualquiera que sea el medio o proceso utilizado, est\u00e1 prohibido, excepto con la autorizaci\u00f3n previa por escrito del Propietario.<\/p>\n<p>Cualquier uso no autorizado del sitio o de cualquiera de los elementos que contiene ser\u00e1 considerado como una falsificaci\u00f3n y se proceder\u00e1 de acuerdo con las disposiciones de los art\u00edculos L.334-2 y siguientes del C\u00f3digo de la Propiedad Intelectual.<\/p>\n<h3>6. Limitaciones de responsabilidad.<\/h3>\n<p>El propietario no se har\u00e1 responsable de los da\u00f1os directos o indirectos causados por el equipo del usuario, al acceder al sitio <a href=\"https:\/\/best-itinerary.com\">https:\/\/best-itinerary.com<\/a>, y derivados del uso de un equipo que no responde a las especificaciones indicadas en el punto 4, de la aparici\u00f3n de un bug o incompatibilidad.<\/p>\n<p>el Propietario tampoco ser\u00e1 responsable de los da\u00f1os indirectos (como la p\u00e9rdida de negocio o la p\u00e9rdida de oportunidades) resultantes del uso del sitio\u00a0<a href=\"https:\/\/best-itinerary.com\/\">https:\/\/best-itinerary.com<\/a>.<\/p>\n<p>Los espacios interactivos (Posibilidad de hacer preguntas en el \u00e1rea de comentarios en particular) est\u00e1n a la disposici\u00f3n de los usuarios. El propietario se reserva el derecho de eliminar, sin aviso previo, cualquier contenido depositado en este espacio que contravenga la legislaci\u00f3n aplicable en Francia, en particular las disposiciones de protecci\u00f3n de datos. En su caso, el Propietario tambi\u00e9n se reserva el derecho de responsabilizar al usuario en virtud del derecho civil y\/o penal, en particular en caso de mensaje racista, insultante, difamatorio o pornogr\u00e1fico, independientemente del medio utilizado (texto, fotograf\u00eda&#8230;)<\/p>\n<h3>7. Gesti\u00f3n de los datos personales<\/h3>\n<p>En Francia, los datos personales est\u00e1n protegidos por la ley n\u00b0 78-87 del 6 de enero de 1978, la ley n\u00b0 2004-801 del 6 de agosto de 2004. El art\u00edculo L. 226-13 del C\u00f3digo penal y la Directiva Europea de 24 de octubre de 1995, el Reglamento Europeo de Protecci\u00f3n de Datos de 25 de mayo de 2018<\/p>\n<p>Durante el uso del sitio <a href=\"https:\/\/best-itinerary.com\">https:\/\/best-itinerary.com<\/a>, pueden ser recogidas: la URL de los enlaces por los cuales el usuario accedi\u00f3 al sitio <a href=\"https:\/\/best-itinerary.com\">https:\/\/best-itinerary.com<\/a>, el proveedor de\u00a0 acceso del usuario, la direcci\u00f3n del protocolo internet (IP) del usuario.<\/p>\n<p>En cualquier caso, el Propietario solo recoge informaciones personales relativas al usuario por necesidad de determinados servicios ofrecidos por el sitio <a href=\"https:\/\/best-itinerary.com\">https:\/\/best-itinerary.com<\/a>. El usuario proporciona estas informaciones con pleno conocimiento de causa, en particular cuando la introduce \u00e9l mismo. Se especifica al usuario del sitio <a href=\"https:\/\/best-itinerary.com\">https:\/\/best-itinerary.com<\/a> la obligaci\u00f3n o no de proporcionar estas informaciones.<\/p>\n<p>Conforme a las disposiciones de los art\u00edculos 38 y siguientes de la ley 78-17 del 6 enero de 1978 relativa a la inform\u00e1tica, a los archivos y las libertades, todo usuario dispone de un derecho de acceso, de rectificaci\u00f3n y de oposici\u00f3n a los datos personales que le conciernen, presentando una solicitud escrita y firmada, acompa\u00f1ada de una copia del documento de identidad con la firma del titular del documento, precisando la direcci\u00f3n a la que debe enviarse\u00a0 la respuesta.<\/p>\n<p>Ninguna informaci\u00f3n personal del usuario del sitio <a href=\"https:\/\/best-itinerary.com\">https:\/\/best-itinerary.com<\/a> se publica sin el conocimiento del usuario, ni se intercambia, se transfiere, se cede o se vende en cualquier medio a terceros.<\/p>\n<p>Las bases de datos est\u00e1n protegidas por las disposiciones de la ley del primero de julio de 1998 de transposici\u00f3n a la directiva 96\/9 del 11 de marzo de 1996 relativa a la protecci\u00f3n jur\u00eddica de bases de datos.<\/p>\n<h3><a name=\"cookies\"><\/a>8. Enlaces hipertexto y cookies.<\/h3>\n<p>El sitio https:\/\/best-itinerary.com contiene un cierto numero de enlaces hacia otros sitios, establecidos con la autorizaci\u00f3n del propietario. Sin embargo, el Propietario no puede verificar el contenido de los sitios as\u00ed visitados, y en consecuencia no asume ninguna responsabilidad por este hecho.<\/p>\n<p>La navegaci\u00f3n en el sitio <a href=\"https:\/\/best-itinerary.com\/\">https:\/\/best-itinerary.com<\/a> es probable que provoque la instalaci\u00f3n de cookies en el ordenador del usuario. Una cookie es un peque\u00f1o archivo, que no permite la identificaci\u00f3n del usuario, pero que registra informaci\u00f3n relativa a la navegaci\u00f3n de un ordenador en un sitio. Los datos obtenidos de este modo est\u00e1n destinados a facilitar la navegaci\u00f3n posterior en el sitio, y tambi\u00e9n est\u00e1n destinados a permitir diversas medidas de tr\u00e1fico.<\/p>\n<p>El rechazo a la instalaci\u00f3n de una cookie puede dar lugar a la imposibilidad de acceder a determinados servicios. El usuario puede no obstante configurar su ordenador de la manera siguiente, para rechazar la instalaci\u00f3n de cookies:<\/p>\n<p>En Google chrome : pesta\u00f1a de herramientas (pictograma de rueda en la parte superior derecha) \/ opciones de internet. Haga clic en Privacidad y seleccione Validar en Ok.<\/p>\n<p>En Firefox : en la parte superior en la ventada del navegador, haga clic en el bot\u00f3n Firefox, luego vaya en la pesta\u00f1a Opciones. Haga click en la pesta\u00f1a Privacidad. Establezca las Reglas de Retenci\u00f3n en: utilizar la configuraci\u00f3n personalizada para el historial. Por \u00faltimo, desmarque la casilla para desactivar las cookies.<\/p>\n<p>En Safari : Haga clic en la parte superior derecha del navegador sobre le pictograma del men\u00fa (s\u00edmbolo de rueda). Seleccione Ajustes. Haga clic en Mostrar configuraci\u00f3n avanzada. En la selecci\u00f3n Privacidad, haga clic en Configuraci\u00f3n de contenido. En la secci\u00f3n \u00abCookies\u00bb, puede bloquear las cookies.<\/p>\n<p>En Chrome : Haga clic en la parte superior derecha del navegador sobre le pictograma del men\u00fa (simbolizado por 3 l\u00edneas horizontales). Seleccione Ajustes. Haga clic en Mostrar configuraci\u00f3n avanzada. En la selecci\u00f3n Privacidad, haga clic en Configuraci\u00f3n de contenido. En la secci\u00f3n \u00abCookies\u00bb, puede bloquear las cookies.<\/p>\n<h3>9. Ley aplicable y jurisdicci\u00f3n.<\/h3>\n<p>Cualquier disputa relacionada al uso del sitio <a href=\"https:\/\/best-itinerary.com\/\">https:\/\/best-itinerary.com<\/a>\u00a0est\u00e1 sujeta a la legislaci\u00f3n francesa. La jurisdicci\u00f3n exclusiva se otorga a los tribunales competentes de Par\u00eds.<\/p>\n<h3>10. Las principales leyes afectadas.<\/h3>\n<p>Ley n\u00b0 78-17 del 6 de enero de 1978, modificada especialmente por la ley n\u00ba 2004-801 del 6 de agosto de 2004 relativa a la inform\u00e1tica, a los archivos y a las libertades.<\/p>\n<p>Ley n\u00b0 2004-575 del 21 de junio de 2004 para la confianza en la econom\u00eda digital.<\/p>\n<p>Reglamento Europeo de Protecci\u00f3n de Datos de 25 de mayo de 2018.<\/p>\n<h3>11. L\u00e9xico.<\/h3>\n<p>Usuario: visitante del sitio que se conecta, utilizando el sitio mencionado.<\/p>\n<p>Informaciones personales : \u00ab las informaciones que permiten, en cualquier forma, directamente o no, la identificaci\u00f3n de las personas f\u00edsicas a las que se aplica \u00bb (art\u00edculo 4 de la ley n\u00ba 78-17 del 6 de enero de 1978)<\/p>\n<p>El modelo de avisos legales lo ofrece Subdelirium.com <a href=\"https:\/\/www.subdelirium.com\/generateur-de-mentions-legales\/\" target=\"_blank\" rel=\"noopener noreferrer\">G\u00e9n\u00e9rateur de mentions l\u00e9gales<\/a><\/p>\n","protected":false},"excerpt":{"rendered":"<p>Informaciones legales 1. Presentaci\u00f3n del sitio. En virtud del art\u00edculo 6 de la Ley n\u00ba 2004-575, de 21 de junio de 2004, sobre la confianza en la econom\u00eda digital, los usuarios del sitio web https:\/\/best-itinerary.com est\u00e1n informados de la identidad [&hellip;]<\/p>\n","protected":false},"author":1,"featured_media":0,"parent":0,"menu_order":0,"comment_status":"closed","ping_status":"closed","template":"","meta":{"content-type":"","footnotes":""},"class_list":["post-19313","page","type-page","status-publish","hentry"],"_links":{"self":[{"href":"https:\/\/best-itinerary.com\/es\/wp-json\/wp\/v2\/pages\/19313","targetHints":{"allow":["GET"]}}],"collection":[{"href":"https:\/\/best-itinerary.com\/es\/wp-json\/wp\/v2\/pages"}],"about":[{"href":"https:\/\/best-itinerary.com\/es\/wp-json\/wp\/v2\/types\/page"}],"author":[{"embeddable":true,"href":"https:\/\/best-itinerary.com\/es\/wp-json\/wp\/v2\/users\/1"}],"replies":[{"embeddable":true,"href":"https:\/\/best-itinerary.com\/es\/wp-json\/wp\/v2\/comments?post=19313"}],"version-history":[{"count":6,"href":"https:\/\/best-itinerary.com\/es\/wp-json\/wp\/v2\/pages\/19313\/revisions"}],"predecessor-version":[{"id":60707,"href":"https:\/\/best-itinerary.com\/es\/wp-json\/wp\/v2\/pages\/19313\/revisions\/60707"}],"wp:attachment":[{"href":"https:\/\/best-itinerary.com\/es\/wp-json\/wp\/v2\/media?parent=19313"}],"curies":[{"name":"wp","href":"https:\/\/api.w.org\/{rel}","templated":true}]}}