{"id":19352,"date":"2020-02-19T17:17:33","date_gmt":"2020-02-19T16:17:33","guid":{"rendered":"https:\/\/best-itinerary.com\/nouvelle-page-voyage-sur-mesure-2-3-2\/"},"modified":"2025-01-22T15:24:08","modified_gmt":"2025-01-22T14:24:08","slug":"nouvelle-page-voyage-sur-mesure-2-3-2","status":"publish","type":"page","link":"https:\/\/best-itinerary.com\/es\/viaje-a-medida\/","title":{"rendered":"Organizaci\u00f3n de un viaje a medida"},"content":{"rendered":"<div  class=\"one withsmallpadding ppb_header parallax withbg \" style=\"background-image:url(https:\/\/best-itinerary.com\/wp-content\/uploads\/2019\/06\/vietnam-mu-cang-chai.jpg);background-position: center bottom;text-align:center;padding:110px 0 110px 0;color:#ffffff;\" >\n<div class=\"standard_wrapper\">\n<div class=\"page_content_wrapper\">\n<div class=\"inner\">\n<div style=\"margin:auto;width:100%\">\n<div class=\"ppb_header_content\">\n<div>\n<h1 class=\"ppb_title\" style=\"color: #ffffff;\">PREPARAMOS TU VIAJE A MEDIDA<\/h1>\n<div class=\"page_tagline\" style=\"color: #ffffff;\">Dise\u00f1amos el viaje de tus sue\u00f1os: \u00a1ahorras tiempo y dinero!<\/div>\n<\/div>\n<p style=\"text-align: center;\"><a class=\"button small debug\" style=\"background-color: #ff4a52!important; color: #ffffff !important; border: 1px solid #ff4a52!important; margin-bottom: -20px;\" href=\"https:\/\/best-itinerary.com\/es\/solicitud-de-viaje-a-medida\" target=\"blank\" rel=\"noopener\">Solicitar un viaje a medida<\/a><\/p>\n<\/div>\n<\/div>\n<\/div>\n<\/div>\n<\/div>\n<\/div>\n<div  class=\"one withsmallpadding ppb_header \" style=\"text-align:center;padding:30px 0 30px 0;\" >\n<div class=\"standard_wrapper\">\n<div class=\"page_content_wrapper\">\n<div class=\"inner\">\n<div style=\"margin:auto;width:100%\">\n<h2 class=\"ppb_title\" style=\"\">\u00bfComo funciona?<\/h2>\n<div class=\"ppb_header_content\">\n<div class=\"one_fourth \" style=\"\">\n<img decoding=\"async\" class=\"aligncenter size-full wp-image-12728 Glamy1\" src=\"https:\/\/best-itinerary.com\/wp-content\/uploads\/2020\/02\/contact.png\" alt=\"contact-best-itinerary\" \/><\/p>\n<p><strong>1-DESCRIBE TU VIAJE<br \/>\n<\/strong>Empezamos a conversar por correo electr\u00f3nico o por tel\u00e9fono.<\/p>\n<\/div>\n<div class=\"one_fourth \" style=\"\">\n<img decoding=\"async\" class=\"aligncenter size-full wp-image-12723 Glamy2\" src=\"https:\/\/best-itinerary.com\/wp-content\/uploads\/2020\/02\/map.png\" alt=\"map-best-itinerary\" \/><\/p>\n<p><strong>2-RECIBE NUESTRA PROPOSICI\u00d3N<br \/>\n<\/strong>Ajustamos juntos el itinerario y el presupuesto global del viaje.<\/p>\n<\/div>\n<div class=\"one_fourth \" style=\"\">\n<img decoding=\"async\" class=\"aligncenter size-full wp-image-12723 Glamy2\" src=\"https:\/\/best-itinerary.com\/wp-content\/uploads\/2020\/02\/books.png\" alt=\"booking-best-itinerary\" \/><\/p>\n<p><strong>3-VALIDA LA PROPUESTA<br \/>\n<\/strong>Pagas por nuestro paquete y nosotros buscamos los mejores precios.<\/p>\n<\/div>\n<div class=\"one_fourth last \" style=\"\">\n<img decoding=\"async\" class=\"aligncenter size-full wp-image-12726 Glamy3\" src=\"https:\/\/best-itinerary.com\/wp-content\/uploads\/2020\/02\/roadbook.png\" alt=\"roadbook-best-itinerary\" \/><\/p>\n<p><strong>4-RECIBE TU ROAD-BOOK<br \/>\n<\/strong>Y los enlaces de reservaci\u00f3n (transportes, hotel y actividades).<\/p>\n<\/div>\n<p><br class=\"clear\"\/><\/p>\n<p style=\"text-align: center;\"><a class=\"button small debug\" style=\"background-color: #ff4a52!important; color: #ffffff !important; border: 1px solid #ff4a52!important; margin-bottom: -20px;\" href=\"solicitud-de-viaje-a-medida\" target=\"blank\" rel=\"noopener\">Pedir un presupuesto<\/a><\/p>\n<\/div>\n<\/div>\n<\/div>\n<\/div>\n<\/div>\n<\/div>\n<div  class=\"one withsmallpadding ppb_header \" style=\"padding-bottom: 0px !important;text-align:center;padding:40px 0 40px 0;\" >\n<div class=\"standard_wrapper\">\n<div class=\"page_content_wrapper\">\n<div class=\"inner\">\n<div style=\"margin:auto;width:100%\">\n<h2 class=\"ppb_title\" style=\"\">\u00bfQu\u00e9 piensan los clientes de nosotros? \ud83e\udd17<\/h2>\n<\/div>\n<\/div>\n<\/div>\n<\/div>\n<\/div>\n<div  class=\"one withsmallpadding ppb_testimonial_column\">\n<div class=\"standard_wrapper\">\n<div class=\"page_content_wrapper\">\n<div class=\"inner\">\n<div class=\"testimonial_wrapper\">\n<div class=\"one_half testimonial_column_element animated1 \">\n<div class=\"testimonial_image animated\" data-animation=\"bigEntrance\"><img decoding=\"async\" class=\"team_pic\" src=\"https:\/\/best-itinerary.com\/wp-content\/uploads\/2018\/05\/capture-decran-2020-02-20-a-17-35-04.png\" alt=\"\"\/><\/div>\n<div class=\"testimonial_content\">\n<p style=\"text-align: left;\">\u00a1Gracias, gracias, gracias! Este viaje a Bali fue realmente fant\u00e1stico. Los consejos de Julie, nuestra planificadora de viajes, el roadbook hecho a medida (y teniendo en cuenta nuestras peticiones, se ve como que est\u00e1 hecho a medida ;)) y la autenticidad del viaje&#8230; \u00a1Nos sedujo de la A a la Z! Por cierto, hemos hablado a todos nuestros amigos de vosotros \ud83d\ude42<\/p>\n<p style=\"text-align: left;\"><strong>Julie ahorr\u00f3 m\u00e1s de <span style=\"color: #ff0000;\">1500 \u20ac<\/span><\/strong><\/p>\n<\/div>\n<\/div>\n<div class=\"one_half testimonial_column_element animated2 last\">\n<div class=\"testimonial_image animated\" data-animation=\"bigEntrance\"><img decoding=\"async\" class=\"team_pic\" src=\"https:\/\/best-itinerary.com\/wp-content\/uploads\/2018\/05\/manon-mariee-250x250.jpg\" alt=\"\"\/><\/div>\n<div class=\"testimonial_content\">\n<p style=\"text-align: left;\">Al tratar de organizar nuestra luna de miel nos encontramos con los servicios de Best itinerary&#8230; En pocas palabras: \u00a1Genial! \u00a1Marie nos atendi\u00f3 con mano maestra, ultra profesional, disponible y super amable! Nos ha gestionado todo. Para nosotros, que trabajamos mucho, fue un ahorro de tiempo incre\u00edble. \u00a1Gracias, Marie!<\/p>\n<p style=\"text-align: left;\"><strong>Manon ahorr\u00f3 m\u00e1s de <span style=\"color: #ff0000;\">2300 \u20ac<\/span><\/strong><\/p>\n<\/div>\n<\/div>\n<\/div>\n<\/div>\n<\/div>\n<\/div>\n<\/div>\n<div  class=\"one\" >\n<div class=\"one_half_bg\" style=\"background-image:url(https:\/\/best-itinerary.com\/wp-content\/uploads\/2019\/10\/img_9777-resizelogo.jpg);height:595px;\"><\/div>\n<div class=\"one_half_bg\" style=\"padding:90px;\">\n<h2 class=\"ppb_title\" style=\"\">Planificadores de viajes a tu servicio&#8230;<\/h2>\n<div class=\"ppb_header_content\">\n<p style=\"text-align: justify;\">Somos un equipo apasionado por los viajes. Sabemos que <strong>preparar un viaje es una misi\u00f3n larga y tediosa<\/strong>&#8230; \u00bfC\u00faando partir, c\u00faal ruta elegir, en qu\u00e9 sitios reservar, a qu\u00e9 precio?<\/p>\n<p style=\"text-align: justify;\"><strong>Nuestra profesi\u00f3n: Travel Planner<\/strong>.<\/p>\n<p>Creamos <strong>itinerarios de viaje a medida<\/strong> para ayudarte a explorar el mundo. Buenos planes, lugares imprescindibles, actividades, consejos de organizaci\u00f3n, informaciones practicas de tus destinaciones, billetes de avion y alojamientos <strong>al mejor precio<\/strong>, nos encargamos de prepararte viajes \u00ab\u00a0llave en mano\u00a0\u00bb <strong>en funci\u00f3n de tus deseos<\/strong> y teniendo en cuenta<strong> tus limitaciones<\/strong>.<\/p>\n<p><strong>Importante : no somos una agencia de viajes.<\/strong><\/p>\n<\/div>\n<\/div>\n<p><br class=\"clear\"\/><\/div>\n<div  class=\"one\" >\n<div class=\"one_half_bg textright\" style=\"padding:90px;\">\n<h2 class=\"ppb_title\" style=\"\">\u00bfPor qu\u00e9 recurrir a nosotros?<\/h2>\n<div class=\"ppb_header_content\">\n<p style=\"text-align: justify;\">\u23f1<strong> Ahorro de tiempo: <\/strong>\u00a1Buscamos en tu lugar! Te ahorras decenas de horas de b\u00fasqueda de informaci\u00f3n en Internet.<\/p>\n<p style=\"text-align: justify;\">\ud83d\udcb0<strong> Ahorro de dinero : <\/strong>Gracias a las t\u00e9cnicas adquiridas a trav\u00e9s de nuestros viajes, conocemos todos los trucos para encontrarte los mejores precios y en la mejor \u00e9poca. Como ventaja extra, tu presupuesto estar\u00e1 segmentado con visibilidad en los diferentes servicios de tu viaje.<\/p>\n<p style=\"text-align: justify;\">\ud83e\udd1d<strong> Acompa\u00f1amiento : <\/strong>\u00a1Un equipo simp\u00e1tico y a la escucha durante todas las etapas de tu proyecto! Somos verdaderos \u00ab\u00a0asesores expertos\u00a0\u00bb y nos adaptamos a sus necesidades y disponibilidad.<\/p>\n<\/div>\n<\/div>\n<div class=\"one_half_bg\" style=\"background-image:url(https:\/\/best-itinerary.com\/wp-content\/uploads\/2020\/02\/japon-itineraire-voyage-site.png);height:510px;\"><\/div>\n<p><br class=\"clear\"\/><\/div>\n<div  class=\"one withsmallpadding ppb_text\" style=\"text-align:center;padding:40px 0 40px 0;\" >\n<div class=\"standard_wrapper\">\n<div class=\"page_content_wrapper\">\n<div class=\"inner\">\n<div style=\"margin:auto;width:100%\">\n<p style=\"text-align: center;\"><a class=\"button small\" style=\"background-color: #ff4a52!important; color: #ffffff !important; border: 1px solid #FF4a52!important; margin-bottom: -20px;\" href=\"solicitud-de-viaje-a-medida\" target=\"blank\" rel=\"noopener\">Crear un paquete personalizado<\/a><\/p>\n<\/div>\n<\/div>\n<\/div>\n<\/div>\n<\/div>\n<div  class=\"one withsmallpadding ppb_header \" style=\"padding-bottom: 0px !important;text-align:center;padding:40px 0 40px 0;\" >\n<div class=\"standard_wrapper\">\n<div class=\"page_content_wrapper\">\n<div class=\"inner\">\n<div style=\"margin:auto;width:100%\">\n<h2 class=\"ppb_title\" style=\"\">Ahorras dinero<\/h2>\n<div class=\"page_tagline\" style=\"\">Algunos ejemplo que ilustran nuestras incre\u00edbles tarifas<\/div>\n<\/div>\n<\/div>\n<\/div>\n<\/div>\n<\/div>\n<div  class=\"one withsmallpadding ppb_header \" style=\"text-align:center;padding:40px 0 40px 0;\" >\n<div class=\"standard_wrapper\">\n<div class=\"page_content_wrapper\">\n<div class=\"inner\">\n<div style=\"margin:auto;width:100%\">\n<div class=\"ppb_header_content\">\n<div class=\"one_third \" style=\"\">\n<div style=\"position: relative; height: 250px;\">\n<div style=\"position: absolute; z-index: 1;\"><img decoding=\"async\" class=\"price1\" src=\"https:\/\/best-itinerary.com\/wp-content\/uploads\/2018\/07\/temple-1841296_960_720-700x466.jpg\" alt=\"prix-best-itinerary-japon\" \/><\/div>\n<div style=\"position: absolute; height: 400px; width: 100%; z-index: 2; top: 50px; color: white; font-size: 200%;\"><center><b>JAP\u00d3N<\/b><b><br \/>\n<\/b><\/center><\/div>\n<div style=\"position: absolute; height: 400px; width: 90%; z-index: 2; top: 100px; right: 5%; left: 5%; color: white; font-size: 100%;\"><center>3 semanas para 2 personas :<\/center><strong>4000\u20ac<\/strong><\/p>\n<\/div>\n<\/div>\n<\/div>\n<div class=\"one_third \" style=\"\">\n<div style=\"position: relative; height: 250px;\">\n<div style=\"position: absolute; z-index: 1;\"><strong><img decoding=\"async\" class=\"price1\" src=\"https:\/\/best-itinerary.com\/wp-content\/uploads\/2018\/05\/etats-unis-itineraire-voyage-5-Key-West-700x466.jpg\" alt=\"prix-best-itinerary-ouest-americain\" \/><\/strong><\/div>\n<div style=\"position: absolute; height: 400px; width: 100%; z-index: 2; top: 50px; color: white; font-size: 200%;\"><center><b>FLORIDA<\/b><b><br \/>\n<\/b><\/center><\/div>\n<div style=\"position: absolute; height: 400px; width: 90%; z-index: 2; top: 100px; right: 5%; left: 5%; color: white; font-size: 100%;\"><center>2 semanas para 2 personas :<\/center><strong>3600\u20ac<\/strong><\/p>\n<\/div>\n<\/div>\n<\/div>\n<div class=\"one_third last \" style=\"\">\n<div style=\"position: relative; height: 250px;\">\n<div style=\"position: absolute; z-index: 1;\"><img decoding=\"async\" class=\"price1\" src=\"https:\/\/best-itinerary.com\/wp-content\/uploads\/2019\/12\/bali-1514132_1280-700x466.jpg\" alt=\"prix-best-itinerary-bali\" \/><\/div>\n<div style=\"position: absolute; height: 400px; width: 100%; z-index: 2; top: 50px; color: white; font-size: 200%;\"><center><b>BAL\u00cd<\/b><\/center><\/div>\n<div style=\"position: absolute; height: 400px; width: 90%; z-index: 2; top: 100px; right: 5%; left: 5%; color: white; font-size: 100%;\"><center>2 semanas para 4 personas :<\/center><strong>4400\u20ac<\/strong><\/p>\n<\/div>\n<\/div>\n<\/div>\n<p><br class=\"clear\"\/><\/p>\n<\/div>\n<\/div>\n<\/div>\n<\/div>\n<\/div>\n<\/div>\n<div  class=\"one withsmallpadding ppb_header \" style=\"padding-bottom: 0px !important;text-align:center;padding:40px 0 40px 0;\" >\n<div class=\"standard_wrapper\">\n<div class=\"page_content_wrapper\">\n<div class=\"inner\">\n<div style=\"margin:auto;width:100%\">\n<h2 class=\"ppb_title\" style=\"\">Personas apasionadas a tu servicio<\/h2>\n<div class=\"page_tagline\" style=\"\">Porque nuestros h\u00e1bitos de viaje son los tuyos, \u00a1vamos a construir juntos tu road-trip de sue\u00f1os!<\/div>\n<div class=\"ppb_header_content\">\n<p style=\"text-align: justify;\">Nuestro equipo de Travel planners se encarga de organizar tu viaje en tu lugar \u00a1como si fuera el de ellas! Por encima de todo, son aut\u00e9nticas trotamundos con, como plus, una formaci\u00f3n en turismo. Cada uno de ellas tiene sus pa\u00edses de predilecci\u00f3n. Entre las cinco han viajado por los 5 continentes y podr\u00e1n responder a todas sus peticiones.<\/p>\n<\/div>\n<\/div>\n<\/div>\n<\/div>\n<\/div>\n<\/div>\n<div  class=\"one withsmallpadding ppb_team_column\" >\n<div class=\"page_content_wrapper page_main_content sidebar_content full_width fixed_column photoframe\">\n<div class=\"standard_wrapper\">\n<div id=\"1737555848930786040\" class=\"portfolio_filter_wrapper gallery five_cols\" data-columns=\"5\">\n<div class=\"element grid photoframe fixed_columns classic5_cols animated1\">\n<div class=\"one_fifth gallery5 classic filterable\">\n<div class=\"post_img\"><img decoding=\"async\" class=\"team_pic\" src=\"https:\/\/best-itinerary.com\/wp-content\/uploads\/2022\/07\/margot-best-itinerary-500x500.png\" alt=\"\"\/><\/div>\n<div class=\"portfolio_info_wrapper center\">\n<h4>Margot<\/h4>\n<div class=\"page_tagline\">Planificador de viajes: el brazo derecho de Marie<\/div>\n<\/div>\n<\/div>\n<\/div>\n<div class=\"element grid photoframe fixed_columns classic5_cols animated2\">\n<div class=\"one_fifth gallery5 classic filterable\">\n<div class=\"post_img\"><img decoding=\"async\" class=\"team_pic\" src=\"https:\/\/best-itinerary.com\/wp-content\/uploads\/2022\/07\/luna-p.jpg\" alt=\"\"\/><\/div>\n<div class=\"portfolio_info_wrapper center\">\n<h4>Luna<\/h4>\n<div class=\"page_tagline\">Asistente de planificaci\u00f3n de viajes<\/div>\n<\/div>\n<\/div>\n<\/div>\n<div class=\"element grid photoframe fixed_columns classic5_cols animated3\">\n<div class=\"one_fifth gallery5 classic filterable\">\n<div class=\"post_img\"><img decoding=\"async\" class=\"team_pic\" src=\"https:\/\/best-itinerary.com\/wp-content\/uploads\/2024\/03\/celia-p.jpg\" alt=\"\"\/><\/div>\n<div class=\"portfolio_info_wrapper center\">\n<h4>C\u00e9lia<\/h4>\n<div class=\"page_tagline\">Planificador de viajes: brazo izquierdo de Marie<\/div>\n<\/div>\n<\/div>\n<\/div>\n<div class=\"element grid photoframe fixed_columns classic5_cols animated4\">\n<div class=\"one_fifth gallery5 classic filterable\">\n<div class=\"post_img\"><img decoding=\"async\" class=\"team_pic\" src=\"https:\/\/best-itinerary.com\/wp-content\/uploads\/2022\/07\/julie-db-1.jpeg\" alt=\"\"\/><\/div>\n<div class=\"portfolio_info_wrapper center\">\n<h4>Julie<\/h4>\n<div class=\"page_tagline\">El especulador aventurero de Asia<\/div>\n<\/div>\n<\/div>\n<\/div>\n<div class=\"element grid photoframe fixed_columns classic5_cols animated5\">\n<div class=\"one_fifth gallery5 classic filterable\">\n<div class=\"post_img\"><img decoding=\"async\" class=\"team_pic\" src=\"https:\/\/best-itinerary.com\/wp-content\/uploads\/2014\/02\/team-member-marie-1-500x500.jpg\" alt=\"\"\/><\/div>\n<div class=\"portfolio_info_wrapper center\">\n<h4>Marie<\/h4>\n<div class=\"page_tagline\">Experta en Am\u00e9rica del Norte. Vive en Montreal<\/div>\n<\/div>\n<\/div>\n<\/div>\n<\/div>\n<\/div>\n<\/div>\n<\/div>\n<div  class=\"one ppb_image_fullwidth\" style=\"padding:0px 0 0px 0;\" >\n<div class=\"one withbg\" style=\"background-image:url(https:\/\/best-itinerary.com\/wp-content\/uploads\/2018\/05\/canada-itineraire-voyage-5.jpg);background-size:cover;background-position:center top;height:400px;position:relative;\"><\/div>\n<\/div>\n<div  class=\"one withsmallpadding ppb_header \" style=\"padding-bottom: 0px !important;text-align:center;padding:40px 0 40px 0;\" >\n<div class=\"standard_wrapper\">\n<div class=\"page_content_wrapper\">\n<div class=\"inner\">\n<div style=\"margin:auto;width:100%\">\n<h2 class=\"ppb_title\" style=\"\">Tarifas transparentes <\/h2>\n<div class=\"page_tagline\" style=\"\">Nuestras tarifas son fijas y, por tanto, \u00a1sin sorpresas desagradables!<\/div>\n<\/div>\n<\/div>\n<\/div>\n<\/div>\n<\/div>\n<div  class=\"one ppb_pricing\" style=\"padding:40px 0 40px 0;\" >\n<div class=\"standard_wrapper\">\n<div class=\"page_content_wrapper\">\n<div class=\"inner\">\n<div class=\"pricing_content_wrapper light\">\n<div class=\"pricing one_fourth  \">\n<div class=\"pricing_wrapper_border\">\n<ul class=\"pricing_wrapper\">\n<li class=\"title_row \" style=\"color:#ff4a53;\">Cuatro semanas<\/li>\n<li class=\"price_row\"><strong><\/strong><em class=\"exact_price\" style=\"color:#ff4a53;\">27\u20ac\/dia<\/em><em class=\"time\"><\/em><\/li>\n<li>Para un viaje de 28 d\u00edas y m\u00e1s<\/li>\n<\/ul>\n<\/div>\n<\/div>\n<div class=\"pricing one_fourth  \">\n<div class=\"pricing_wrapper_border\">\n<ul class=\"pricing_wrapper\">\n<li class=\"title_row \" style=\"color:#ff4a53;\">Tres semanas<\/li>\n<li class=\"price_row\"><strong><\/strong><em class=\"exact_price\" style=\"color:#ff4a53;\">29\u20ac\/dia<\/em><em class=\"time\"><\/em><\/li>\n<li>Para un viaje entre 21 y 27 d\u00edas<\/li>\n<\/ul>\n<\/div>\n<\/div>\n<div class=\"pricing one_fourth  \">\n<div class=\"pricing_wrapper_border\">\n<ul class=\"pricing_wrapper\">\n<li class=\"title_row \" style=\"color:#ff4a53;\">Dos semanas<\/li>\n<li class=\"price_row\"><strong><\/strong><em class=\"exact_price\" style=\"color:#ff4a53;\">32\u20ac\/dia<\/em><em class=\"time\"><\/em><\/li>\n<li>Para un viaje entre 14 y 20 d\u00edas<\/li>\n<\/ul>\n<\/div>\n<\/div>\n<div class=\"pricing one_fourth  last\">\n<div class=\"pricing_wrapper_border\">\n<ul class=\"pricing_wrapper\">\n<li class=\"title_row \" style=\"color:#ff4a53;\">Una semana<\/li>\n<li class=\"price_row\"><strong><\/strong><em class=\"exact_price\" style=\"color:#ff4a53;\">36\u20ac\/dia<\/em><em class=\"time\"><\/em><\/li>\n<li>Para un viaje entre 3 y 13 d\u00edas<\/li>\n<\/ul>\n<\/div>\n<\/div>\n<div class=\"pricing one_fourth  \">\n<div class=\"pricing_wrapper_border\">\n<ul class=\"pricing_wrapper\">\n<li class=\"title_row \" style=\"color:#ff4a53;\">Week-end<\/li>\n<li class=\"price_row\"><strong><\/strong><em class=\"exact_price\" style=\"color:#ff4a53;\">100\u20ac<\/em><em class=\"time\"><\/em><\/li>\n<li>Para un viaje de 2 d\u00edas<\/li>\n<\/ul>\n<\/div>\n<\/div>\n<\/div>\n<\/div>\n<\/div>\n<\/div>\n<\/div>\n<div  class=\"one withsmallpadding ppb_text\" style=\"text-align:left;padding:40px 0 40px 0;\" >\n<div class=\"standard_wrapper\">\n<div class=\"page_content_wrapper\">\n<div class=\"inner\">\n<div style=\"margin:auto;width:100%\">\n<p>NUESTRAS TARIFAS INCLUYEN <strong>DE 1 A 4 PERSONAS\u00a0<\/strong><br \/>\n(para m\u00e1s de 4, cont\u00e1ctanos):<\/p>\n<p style=\"text-align: justify;\"><strong><span style=\"font-weight: 400;\">\ud83d\uddfa\u00a0 <strong>La creaci\u00f3n de un itinerario a medida<\/strong> (etapas, kil\u00f3metros, mapas&#8230;),<br \/>\n<\/span><\/strong><strong><span style=\"font-weight: 400;\">\u2708\ufe0f <\/span>La b\u00fasqueda de billetes de avi\u00f3n ida y vuelta,<br \/>\n<\/strong><strong><span style=\"font-weight: 400;\">\ud83d\ude97 <\/span>La b\u00fasqueda de transporte interno <\/strong>durante todo tu road-trip (coche alquilado, buses, trenes, vuelos\u2026),<br \/>\n<strong>\ud83c\udfe0\u00a0 La b\u00fasqueda de tus diferentes alojamientos,<br \/>\n<\/strong><strong><span style=\"font-weight: 400;\">\ud83d\uddfd <\/span>La b\u00fasqueda de actividades y de puntos de inter\u00e9s<br \/>\n<\/strong>\ud83d\udcd4\u00a0 As\u00ed como <strong>la creaci\u00f3n de tu road-book personalizado<\/strong> con los sitios imprescindibles para ver, las informaciones pr\u00e1cticas y los consejos de los viajeros.<\/p>\n<p style=\"text-align: justify;\">Por supuesto, te beneficiar\u00e1s de todas nuestras recomendaciones y de todos nuestros consejos para un viaje excepcional.<\/p>\n<p style=\"text-align: center;\"><a class=\"button small\" style=\"background-color: #ff4a52!important; color: #ffffff !important; border: 1px solid #FF4a52!important; margin-bottom: -20px;\" href=\"solicitud-de-viaje-a-medida\" target=\"blank\" rel=\"noopener\">Solicitar la creaci\u00f3nde un viaje<\/a><\/p>\n<\/div>\n<\/div>\n<\/div>\n<\/div>\n<\/div>\n<div  class=\"one withsmallpadding ppb_header \" style=\"padding-bottom: 0px !important;text-align:center;padding:60px 0 60px 0;\" >\n<div class=\"standard_wrapper\">\n<div class=\"page_content_wrapper\">\n<div class=\"inner\">\n<div style=\"margin:auto;width:100%\">\n<h2 class=\"ppb_title\" style=\"\">Nos apoyan <\/h2>\n<div class=\"page_tagline\" style=\"\">Les agradecemos por su apoyo diario <\/div>\n<\/div>\n<\/div>\n<\/div>\n<\/div>\n<\/div>\n<div class=\"divider one\">&nbsp;<\/div>\n<div  class=\"one withsmallpadding ppb_text\" style=\"text-align:center;padding:0px 0 0px 0;\" >\n<div class=\"standard_wrapper\">\n<div class=\"page_content_wrapper\">\n<div class=\"inner\">\n<div style=\"margin:auto;width:100%\">\n<p><img loading=\"lazy\" loading=\"lazy\" decoding=\"async\" class=\"aligncenter wp-image-3080 size-full\" src=\"https:\/\/best-itinerary.com\/wp-content\/uploads\/2020\/02\/soutiens-best-itinerary.png\" alt=\"soutien-best-itinerary\" width=\"783\" height=\"200\" \/><\/p>\n<\/div>\n<\/div>\n<\/div>\n<\/div>\n<\/div>\n","protected":false},"excerpt":{"rendered":"<p>PREPARAMOS TU VIAJE A MEDIDA Dise\u00f1amos el viaje de tus sue\u00f1os: \u00a1ahorras tiempo y dinero! Solicitar un viaje a medida \u00bfComo funciona? 1-DESCRIBE TU VIAJE Empezamos a conversar por correo electr\u00f3nico o por tel\u00e9fono. 2-RECIBE NUESTRA PROPOSICI\u00d3N Ajustamos juntos el [&hellip;]<\/p>\n","protected":false},"author":1,"featured_media":61237,"parent":0,"menu_order":0,"comment_status":"closed","ping_status":"closed","template":"","meta":{"content-type":"","footnotes":""},"class_list":["post-19352","page","type-page","status-publish","has-post-thumbnail","hentry"],"_links":{"self":[{"href":"https:\/\/best-itinerary.com\/es\/wp-json\/wp\/v2\/pages\/19352","targetHints":{"allow":["GET"]}}],"collection":[{"href":"https:\/\/best-itinerary.com\/es\/wp-json\/wp\/v2\/pages"}],"about":[{"href":"https:\/\/best-itinerary.com\/es\/wp-json\/wp\/v2\/types\/page"}],"author":[{"embeddable":true,"href":"https:\/\/best-itinerary.com\/es\/wp-json\/wp\/v2\/users\/1"}],"replies":[{"embeddable":true,"href":"https:\/\/best-itinerary.com\/es\/wp-json\/wp\/v2\/comments?post=19352"}],"version-history":[{"count":26,"href":"https:\/\/best-itinerary.com\/es\/wp-json\/wp\/v2\/pages\/19352\/revisions"}],"predecessor-version":[{"id":61860,"href":"https:\/\/best-itinerary.com\/es\/wp-json\/wp\/v2\/pages\/19352\/revisions\/61860"}],"wp:featuredmedia":[{"embeddable":true,"href":"https:\/\/best-itinerary.com\/es\/wp-json\/wp\/v2\/media\/61237"}],"wp:attachment":[{"href":"https:\/\/best-itinerary.com\/es\/wp-json\/wp\/v2\/media?parent=19352"}],"curies":[{"name":"wp","href":"https:\/\/api.w.org\/{rel}","templated":true}]}}