{"id":64807,"date":"2025-07-24T17:22:13","date_gmt":"2025-07-24T15:22:13","guid":{"rendered":"https:\/\/best-itinerary.com\/?page_id=64807"},"modified":"2025-09-10T15:06:21","modified_gmt":"2025-09-10T13:06:21","slug":"conditions-d-annulation-service-forfait-premium","status":"publish","type":"page","link":"https:\/\/best-itinerary.com\/es\/conditions-d-annulation-service-forfait-premium\/","title":{"rendered":"CONDITIONS D\u2019ANNULATION SERVICE FORFAIT PREMIUM"},"content":{"rendered":"<p class=\"p1\">Les exigences de nos prestataires (compagnies a\u00e9riennes, h\u00f4tels, etc.) en mati\u00e8re de d\u00e9lais de paiement et de conditions d&#8217;annulation nous obligent \u00e0 appliquer des frais d&#8217;annulation qui augmentent \u00e0 l&#8217;approche de la date de d\u00e9part.<\/p>\n<p class=\"p1\">Toute annulation du fait du Client doit faire l\u2019objet d\u2019un email adress\u00e9 \u00e0 <a href=\"mailto:voyage@best-itinerary.com\">voyage@best-itinerary.com<\/a>. Le montant des frais d\u2019annulation (par personne et en euros), qui varient en fonction du moment o\u00f9 intervient l\u2019annulation, sont les suivants (sauf avis contraire pr\u00e9cis\u00e9 dans le contrat de vente \u00e9mis par Best-itinerary et hors assurance voyage compl\u00e9mentaire) :<\/p>\n<ul>\n<li class=\"p1\">\u00c0 plus de 90 jours du d\u00e9part : 20% du prix total du voyage<\/li>\n<li class=\"p1\">Entre 90 et 46 jours avant le d\u00e9part : 35% du prix total du voyage<\/li>\n<li class=\"p1\">Entre 45 et 31 jours avant le d\u00e9part : 50% du prix total du voyage<\/li>\n<li class=\"p1\">Entre 30 jours et jour du d\u00e9part : 100% du prix total du voyage<\/li>\n<\/ul>\n\n\n<p><\/p>\n","protected":false},"excerpt":{"rendered":"<p>Les exigences de nos prestataires (compagnies a\u00e9riennes, h\u00f4tels, etc.) en mati\u00e8re de d\u00e9lais de paiement et de conditions d&#8217;annulation nous obligent \u00e0 appliquer des frais d&#8217;annulation qui augmentent \u00e0 l&#8217;approche de la date de d\u00e9part. Toute annulation du fait du [&hellip;]<\/p>\n","protected":false},"author":4,"featured_media":0,"parent":0,"menu_order":0,"comment_status":"closed","ping_status":"closed","template":"","meta":{"content-type":"","footnotes":""},"class_list":["post-64807","page","type-page","status-publish","hentry"],"_links":{"self":[{"href":"https:\/\/best-itinerary.com\/es\/wp-json\/wp\/v2\/pages\/64807","targetHints":{"allow":["GET"]}}],"collection":[{"href":"https:\/\/best-itinerary.com\/es\/wp-json\/wp\/v2\/pages"}],"about":[{"href":"https:\/\/best-itinerary.com\/es\/wp-json\/wp\/v2\/types\/page"}],"author":[{"embeddable":true,"href":"https:\/\/best-itinerary.com\/es\/wp-json\/wp\/v2\/users\/4"}],"replies":[{"embeddable":true,"href":"https:\/\/best-itinerary.com\/es\/wp-json\/wp\/v2\/comments?post=64807"}],"version-history":[{"count":5,"href":"https:\/\/best-itinerary.com\/es\/wp-json\/wp\/v2\/pages\/64807\/revisions"}],"predecessor-version":[{"id":65630,"href":"https:\/\/best-itinerary.com\/es\/wp-json\/wp\/v2\/pages\/64807\/revisions\/65630"}],"wp:attachment":[{"href":"https:\/\/best-itinerary.com\/es\/wp-json\/wp\/v2\/media?parent=64807"}],"curies":[{"name":"wp","href":"https:\/\/api.w.org\/{rel}","templated":true}]}}