{"id":86,"date":"2016-12-10T07:14:56","date_gmt":"2016-12-10T07:14:56","guid":{"rendered":"http:\/\/www.best-itinerary.com\/?page_id=86"},"modified":"2024-10-24T09:12:58","modified_gmt":"2024-10-24T07:12:58","slug":"blog","status":"publish","type":"page","link":"https:\/\/best-itinerary.com\/es\/blog\/","title":{"rendered":"Al blog de Best-itinerary"},"content":{"rendered":"<div  class=\"one withsmallpadding ppb_text\" style=\"text-align:left;padding:40px 0 40px 0;\" >\n<div class=\"standard_wrapper\">\n<div class=\"page_content_wrapper\">\n<div class=\"inner\">\n<div style=\"margin:auto;width:100%\">\n<p>Bienvenido al blog de Best-itinerary.<\/p>\n<p>Aqu\u00ed encontrar\u00e1 art\u00edculos con consejos, sugerencias de viaje e inspiraci\u00f3n.<br \/>\nNuestro equipo de apasionados planificadores de viajes comparte su experiencia con usted en este blog de Best-itinerary para ayudarle a preparar sus viajes de ensue\u00f1o.<\/p>\n<p>Si necesita ayuda para planificar su viaje por carretera, utilice nuestro <strong><a href=\"https:\/\/best-itinerary.com\/es\/viaje-a-medida\">servicio de viajes a medida<\/a><\/strong>.<\/p>\n<\/div>\n<\/div>\n<\/div>\n<\/div>\n<\/div>\n<div class=\"standard_wrapper\">\n<div  class=\"ppb_blog_grid one nopadding\" style=\"padding:40px 0 40px 0;\" >\n<div class=\"page_content_wrapper\">\n<div class=\"inner\">\n<div class=\"inner_wrapper\"><\/div>\n<\/div>\n<\/div>\n<\/div>\n<\/div>\n","protected":false},"excerpt":{"rendered":"<p>Bienvenido al blog de Best-itinerary. Aqu\u00ed encontrar\u00e1 art\u00edculos con consejos, sugerencias de viaje e inspiraci\u00f3n. Nuestro equipo de apasionados planificadores de viajes comparte su experiencia con usted en este blog de Best-itinerary para ayudarle a preparar sus viajes de ensue\u00f1o. [&hellip;]<\/p>\n","protected":false},"author":1,"featured_media":6844,"parent":0,"menu_order":0,"comment_status":"closed","ping_status":"closed","template":"blog_r.php","meta":{"content-type":"","footnotes":""},"class_list":["post-86","page","type-page","status-publish","has-post-thumbnail","hentry"],"_links":{"self":[{"href":"https:\/\/best-itinerary.com\/es\/wp-json\/wp\/v2\/pages\/86","targetHints":{"allow":["GET"]}}],"collection":[{"href":"https:\/\/best-itinerary.com\/es\/wp-json\/wp\/v2\/pages"}],"about":[{"href":"https:\/\/best-itinerary.com\/es\/wp-json\/wp\/v2\/types\/page"}],"author":[{"embeddable":true,"href":"https:\/\/best-itinerary.com\/es\/wp-json\/wp\/v2\/users\/1"}],"replies":[{"embeddable":true,"href":"https:\/\/best-itinerary.com\/es\/wp-json\/wp\/v2\/comments?post=86"}],"version-history":[{"count":26,"href":"https:\/\/best-itinerary.com\/es\/wp-json\/wp\/v2\/pages\/86\/revisions"}],"predecessor-version":[{"id":60827,"href":"https:\/\/best-itinerary.com\/es\/wp-json\/wp\/v2\/pages\/86\/revisions\/60827"}],"wp:featuredmedia":[{"embeddable":true,"href":"https:\/\/best-itinerary.com\/es\/wp-json\/wp\/v2\/media\/6844"}],"wp:attachment":[{"href":"https:\/\/best-itinerary.com\/es\/wp-json\/wp\/v2\/media?parent=86"}],"curies":[{"name":"wp","href":"https:\/\/api.w.org\/{rel}","templated":true}]}}