{"id":12520,"date":"2019-12-13T11:24:02","date_gmt":"2019-12-13T10:24:02","guid":{"rendered":"https:\/\/best-itinerary.com\/?page_id=12520"},"modified":"2026-03-09T13:28:28","modified_gmt":"2026-03-09T12:28:28","slug":"carte-cadeau-voyage-sur-mesure","status":"publish","type":"page","link":"https:\/\/best-itinerary.com\/fr\/carte-cadeau-voyage-sur-mesure","title":{"rendered":"Carte cadeau voyage sur mesure"},"content":{"rendered":"\n<h2 class=\"wp-block-heading has-text-align-left\">Offrez la pr\u00e9paration d&rsquo;un voyage sur mesure<\/h2>\n\n\n\n<div style=\"height:20px\" aria-hidden=\"true\" class=\"wp-block-spacer\"><\/div>\n\n\n\n<div class=\"wp-block-columns is-layout-flex wp-container-core-columns-is-layout-9d6595d7 wp-block-columns-is-layout-flex\">\n<div class=\"wp-block-column is-layout-flow wp-block-column-is-layout-flow\"><div class=\"wp-block-image\">\n<figure class=\"aligncenter size-full is-resized\"><img loading=\"lazy\" decoding=\"async\" width=\"1422\" height=\"800\" src=\"https:\/\/best-itinerary.com\/wp-content\/uploads\/2024\/12\/Carte-cadeau-voyage-Best-Itinerary.webp\" alt=\"\" class=\"wp-image-60939\" style=\"aspect-ratio:1.7777777777777777;width:425px;height:auto\"\/><\/figure>\n<\/div><\/div>\n\n\n\n<div class=\"wp-block-column is-layout-flow wp-block-column-is-layout-flow\">\n<p>Pourquoi offrir une <strong>carte cadeau voyage<\/strong> <strong>sur mesure<\/strong> est la meilleure id\u00e9e de cadeau de No\u00ebl&nbsp;? <br><\/p>\n\n\n\n<p>L&rsquo;<strong>organisation d&rsquo;un voyage<\/strong> est longue et fastidieuse. C&rsquo;est beaucoup de temps pass\u00e9 pour trouver les bonnes infos et les bons plans&#8230; Cette t\u00e2che devient vite tr\u00e8s chronophage et \u00e9nergivore. Ce n&rsquo;est pas nous qui le disons, vous \u00eates plus de 80% \u00e0 le penser&nbsp;!<\/p>\n<\/div>\n<\/div>\n\n\n\n<p>Chez Best-Itinerary, nous cr\u00e9ons des <strong>itin\u00e9raires de voyage sur mesure<\/strong> en fonction de vos envies et de votre budget<strong>&nbsp;<\/strong>! Notre <strong>agence de voyages<\/strong> est compos\u00e9e d&rsquo;une \u00e9quipe de travel planners expertes et passionn\u00e9es de voyages pour accompagner les voyageurs dans la <strong>planification de vacances en France ou \u00e0 l&rsquo;\u00e9tranger<\/strong>.<\/p>\n\n\n\n<div class=\"wp-block-columns is-layout-flex wp-container-core-columns-is-layout-9d6595d7 wp-block-columns-is-layout-flex\">\n<div class=\"wp-block-column is-layout-flow wp-block-column-is-layout-flow\">\n<p>Nous vous proposons d&rsquo;<strong>offrir \u00e0 vos proches la pr\u00e9paration compl\u00e8te d&rsquo;un voyage sur mesure<\/strong>, sous la forme d&rsquo;une jolie <strong>carte cadeau <\/strong>&nbsp;! L&rsquo;occasion pour vous d&rsquo;offrir du temps et de la charge mentale en moins. Original n&rsquo;est-ce pas&nbsp;? Cette<strong> id\u00e9e cadeau de No\u00ebl voyage <\/strong>sera \u00e0 coup s\u00fbr d\u00e9ball\u00e9e avec le sourire&nbsp;!<\/p>\n\n\n\n<div style=\"height:30px\" aria-hidden=\"true\" class=\"wp-block-spacer\"><\/div>\n<\/div>\n<\/div>\n\n\n\n<div class=\"wp-block-buttons is-content-justification-center is-layout-flex wp-container-core-buttons-is-layout-16018d1d wp-block-buttons-is-layout-flex\">\n<div class=\"wp-block-button is-style-fill\"><a class=\"wp-block-button__link has-background has-medium-font-size has-custom-font-size wp-element-button\" href=\"https:\/\/best-itinerary.com\/fr\/carte-cadeau-voyage-sur-mesure#formulaire\" style=\"border-radius:7px;background-color:#ff4a52\"><strong>Commander une carte cadeau<\/strong><\/a><\/div>\n<\/div>\n\n\n\n<div style=\"height:49px\" aria-hidden=\"true\" class=\"wp-block-spacer\"><\/div>\n\n\n\n<h2 class=\"wp-block-heading has-black-color has-text-color has-link-color wp-elements-2801d052af7bdfc2deae345067c60e7d\">Comment choisir ma carte cadeau voyage sur mesure&nbsp;?<\/h2>\n\n\n\n<div style=\"height:20px\" aria-hidden=\"true\" class=\"wp-block-spacer\"><\/div>\n\n\n\n<p>Comme le sont nos voyages, nos cartes cadeaux sont <strong>100% personnalisables.&nbsp; <\/strong>Offrez \u00e0 vos proches une r\u00e9duction du montant de votre choix sur la pr\u00e9paration de leur prochain voyage (\u00e0 partir de 50\u20ac) sous forme d&rsquo;une <strong>carte cadeau voyage sur mesure<\/strong> valable un an&nbsp;!<\/p>\n\n\n\n<p>Vous cherchez un cadeau d&rsquo;anniversaire, de No\u00ebl, de mariage, de fin d&rsquo;\u00e9tude ou de d\u00e9part \u00e0 la retraite&#8230; original et utile&nbsp;? C&rsquo;est le moment ou jamais de <strong><a href=\"https:\/\/best-itinerary.com\/fr\/carte-cadeau-voyage-sur-mesure#formulaire\">commander votre carte cadeau voyage sur mesure<\/a><\/strong>&nbsp;!<\/p>\n\n\n\n<p><span style=\"font-size: revert; color: initial; font-family: -apple-system, BlinkMacSystemFont, 'Segoe UI', Roboto, Oxygen-Sans, Ubuntu, Cantarell, 'Helvetica Neue', sans-serif;\">Nous fonctionnons par forfaits fixes \u00e0 la journ\u00e9e, calcul\u00e9s en fonction de la dur\u00e9e du voyage d\u00e9sir\u00e9. Par exemple, notre forfait week-end est \u00e0 100\u20ac. De ce fait, une <strong>carte cadeau voyage sur mesure<\/strong> de ce montant permettra \u00e0 l&rsquo;heureux b\u00e9n\u00e9ficiaire de se d\u00e9charger de l&rsquo;organisation d&rsquo;un week-end de 2 jours. <\/span><\/p>\n\n\n\n<p><span style=\"font-size: revert; color: initial; font-family: -apple-system, BlinkMacSystemFont, 'Segoe UI', Roboto, Oxygen-Sans, Ubuntu, Cantarell, 'Helvetica Neue', sans-serif;\">Autre exemple, pour l&rsquo;<strong>organisation d&rsquo;un voyage de 2 semaines<\/strong> pour 1 \u00e0 4 personne(s), le co\u00fbt de notre forfait sera de 448\u20acTTC (soit 32\u20acttc\/jour). Avec une carte <strong>cadeau voyage sur mesure<\/strong> de 300\u20acTTC, il ne restera plus que 148\u20acTTC \u00e0 r\u00e9gler pour le voyageur qui a eu la chance de recevoir ce <strong>cadeau de No\u00ebl voyage<\/strong>.<\/span> <\/p>\n\n\n\n<p>Pour le prix d&rsquo;un aspirateur Dyson sans fil, offrez \u00e0 vos proches un max d&rsquo;exotisme, plus de temps et la possibilit\u00e9 de faire de belles \u00e9conomies sur la note finale de leur <strong>voyage sur mesure<\/strong> en 2025&nbsp;&nbsp;!&nbsp;<\/p>\n\n\n\n<div style=\"height:37px\" aria-hidden=\"true\" class=\"wp-block-spacer\"><\/div>\n\n\n\n<div class=\"wp-block-buttons is-content-justification-center is-layout-flex wp-container-core-buttons-is-layout-16018d1d wp-block-buttons-is-layout-flex\">\n<div class=\"wp-block-button\"><a class=\"wp-block-button__link has-background has-medium-font-size has-custom-font-size wp-element-button\" href=\"https:\/\/best-itinerary.com\/fr\/carte-cadeau-voyage-sur-mesure#formulaire\" style=\"border-radius:6px;background-color:#ff4a52\"><strong>Commander une carte cadeau<\/strong><\/a><\/div>\n<\/div>\n\n\n\n<div style=\"height:37px\" aria-hidden=\"true\" class=\"wp-block-spacer\"><\/div>\n\n\n\n<h2 class=\"wp-block-heading\">\u00c0 propos de notre carte cadeau voyage sur mesure<\/h2>\n\n\n\n<div style=\"height:20px\" aria-hidden=\"true\" class=\"wp-block-spacer\"><\/div>\n\n\n\n<p><strong>Valable durant 12 mois<\/strong> \u00e0 partir de la date d&rsquo;achat, notre <strong>carte cadeau voyage sur mesure<\/strong> comprend toutes les prestations de notre service de travel planning sur mesure<strong> (pour 1 \u00e0 4 personnes<\/strong>).&nbsp;<\/p>\n\n\n\n<p>Ainsi, notre prestation comprend<strong>&nbsp;<\/strong>:<\/p>\n\n\n\n<p><strong>\ud83d\uddfa&nbsp;La cr\u00e9ation d\u2019un itin\u00e9raire sur mesure<\/strong>&nbsp;(\u00e9tapes, kilom\u00e8tres, cartes\u2026),<br><strong>\u2708\ufe0f&nbsp;La recherche des billets d\u2019avion aller-retour<\/strong>,<br><strong>\ud83d\ude97&nbsp;La recherche du transport interne<\/strong>&nbsp;pour la dur\u00e9e de votre road-trip (voiture de location, bus, trains, vols\u2026),<br><strong>\ud83c\udfe0&nbsp;La recherche de vos diff\u00e9rents h\u00e9bergements<\/strong>,<br><strong>\ud83d\uddfd&nbsp;La recherche des activit\u00e9s et des points d\u2019int\u00e9r\u00eat<\/strong>,<br>\ud83d\udcd4Ainsi que&nbsp;<strong>la cr\u00e9ation de votre road-book personnalis\u00e9<\/strong>&nbsp;avec les incontournables \u00e0 voir, des informations pratiques et nos conseils avis\u00e9s.<br><a href=\"https:\/\/best-itinerary.com\/wp-content\/uploads\/2019\/10\/carnet-de-voyage-Colombie-best-iti_compressed.pdf\" target=\"_blank\" rel=\"noreferrer noopener\">Voir un exemple de roadbook<\/a>.<\/p>\n\n\n\n<p> Pour en savoir plus sur notre service, <a href=\"https:\/\/best-itinerary.com\/fr\/voyage-sur-mesure\">cliquez ici<\/a>.&nbsp;<\/p>\n\n\n\n<p>En r\u00e9sum\u00e9, nous nous occupons de tout, vos proches n&rsquo;ont plus qu&rsquo;\u00e0 <strong>proc\u00e9der aux r\u00e9servations en quelques clics<\/strong>&nbsp;!<\/p>\n\n\n\n<div style=\"height:38px\" aria-hidden=\"true\" class=\"wp-block-spacer\"><\/div>\n\n\n\n<div class=\"wp-block-buttons is-content-justification-center is-layout-flex wp-container-core-buttons-is-layout-16018d1d wp-block-buttons-is-layout-flex\">\n<div class=\"wp-block-button\"><a class=\"wp-block-button__link has-background wp-element-button\" href=\"https:\/\/best-itinerary.com\/fr\/carte-cadeau-voyage-sur-mesure#formulaire\" style=\"border-radius:7px;background-color:#ff4a52\"><strong>Commander une carte cadeau<\/strong><\/a><\/div>\n<\/div>\n\n\n\n<div style=\"height:20px\" aria-hidden=\"true\" class=\"wp-block-spacer\"><\/div>\n\n\n<div class=\"wp-block-image\">\n<figure class=\"aligncenter size-large\"><img loading=\"lazy\" decoding=\"async\" width=\"1024\" height=\"683\" src=\"https:\/\/best-itinerary.com\/wp-content\/uploads\/2023\/11\/Carte-cadeau-voyage-sur-mesure-Faites-vos-valises-1024x683.webp\" alt=\"Carte cadeau voyage sur mesure - Faites vos valises\" class=\"wp-image-59451\"\/><\/figure>\n<\/div>\n\n\n<div style=\"height:20px\" aria-hidden=\"true\" class=\"wp-block-spacer\"><\/div>\n\n\n\n<h2 class=\"wp-block-heading\" id=\"formulaire\">Comment commander ma carte cadeau voyage sur mesure&nbsp;?<\/h2>\n\n\n\n<div style=\"height:20px\" aria-hidden=\"true\" class=\"wp-block-spacer\"><\/div>\n\n\n\n<p>1. Vous <strong>remplissez le formulaire<\/strong> ci-dessous.<br>2. Nous<strong> revenons vers vous pour valider les informations et proc\u00e9der au paiement<\/strong>.<br>3. Nous vous envoyons votre carte cadeau voyage sur mesure personnalis\u00e9e par mail.&nbsp;<br>4. Vous faites plaisir \u00e0 vos proches avec ce <strong>cadeau voyage<\/strong>.<\/p>\n\n\n\n<div style=\"height:20px\" aria-hidden=\"true\" class=\"wp-block-spacer\"><\/div>\n\n\n\n<h3 class=\"wp-block-heading\">Commencez par remplir le formulaire ci-dessous&nbsp;:<\/h3>\n\n\n\n<div style=\"height:31px\" aria-hidden=\"true\" class=\"wp-block-spacer\"><\/div>\n\n\n\n<script charset=\"utf-8\" type=\"text\/javascript\" src=\"\/\/js.hsforms.net\/forms\/shell.js\"><\/script>\n<script>\n  hbspt.forms.create({\n\tregion: \"na1\",\n\tportalId: \"6412374\",\n\tformId: \"d69ac9da-0acd-40f6-9a1a-2962b4fb4609\"\n});\n<\/script>\n\n\n\n<h2 class=\"wp-block-heading\">\u00c0 savoir \u00e0 propos de notre agence de voyages sur mesure<\/h2>\n\n\n\n<div style=\"height:20px\" aria-hidden=\"true\" class=\"wp-block-spacer\"><\/div>\n\n\n\n<p>Ce qui fait notre diff\u00e9rence (en comparaison avec une agence de voyage classique), c&rsquo;est que <strong>nous avons fait le choix de laisser l&rsquo;acte de r\u00e9servation<\/strong> <strong>\u00e0 la charge de nos clients<\/strong>. Ainsi, nous les accompagnons \u00e9tape par \u00e9tape pour qu&rsquo;ils effectuent leurs r\u00e9servations en quelques clics, via les liens que nous envoyons au pr\u00e9alable. <\/p>\n\n\n\n<p>Le temps que nous gagnons nous permet de proposer des tarifs avantageux et transparents. Nous proposons<strong> un forfait fixe en fonction du nombre de jours du voyage<\/strong>. Nous avons \u00e0 coeur de trouver les meilleur prix pour nos clients et de leur faire faire un maximum d&rsquo;\u00e9conomies. Chaque centime d&rsquo;\u00e9conomis\u00e9 est un plus pour prendre un bon cocktail les pieds dans le sable une fois en voyage&nbsp;!<\/p>\n\n\n\n<div style=\"height:20px\" aria-hidden=\"true\" class=\"wp-block-spacer\"><\/div>\n\n\n\n<h2 class=\"wp-block-heading\">Offrez-vous nos services&nbsp;!<\/h2>\n\n\n\n<div style=\"height:20px\" aria-hidden=\"true\" class=\"wp-block-spacer\"><\/div>\n\n\n\n<p>Parfois, il faut aussi savoir penser \u00e0 soi&#8230; Vous pouvez offrir une carte cadeau voyage sur mesure \u00e0 l&rsquo;un de vos proches mais vous pouvez aussi vous en offrir un \u00e0 vous m\u00eame&nbsp;! Nous serions ravis de vous aider \u00e0 planifier vos prochaines vacances. Pour cela, rien de plus simple, remplissez notre <a href=\"https:\/\/best-itinerary.com\/fr\/demande-de-voyage-sur-mesure\"><strong>formulaire de demande de voyage<\/strong><\/a> sur mesure ou consultez notre site internet.<\/p>\n\n\n\n<div style=\"height:48px\" aria-hidden=\"true\" class=\"wp-block-spacer\"><\/div>\n\n\n\n<div class=\"wp-block-buttons is-content-justification-center is-layout-flex wp-container-core-buttons-is-layout-16018d1d wp-block-buttons-is-layout-flex\">\n<div class=\"wp-block-button\"><a class=\"wp-block-button__link has-background has-medium-font-size has-custom-font-size wp-element-button\" style=\"border-radius:7px;background-color:#ff4a52\"><strong>Voir notre page voyage sur mesure<\/strong><\/a><\/div>\n<\/div>\n\n\n\n<div style=\"height:48px\" aria-hidden=\"true\" class=\"wp-block-spacer\"><\/div>\n\n\n\n<h2 class=\"wp-block-heading\">Conditions d\u2019\u00e9ligibilit\u00e9 et d\u2019utilisation<\/h2>\n\n\n\n<p>Pour que l\u2019utilisation de votre carte cadeau se d\u00e9roule sans accroc, voici quelques points importants&nbsp;:<\/p>\n\n\n\n<ul class=\"wp-block-list\">\n<li><strong>L\u2019utilisation de la carte cadeau<\/strong> est r\u00e9serv\u00e9e \u00e0 la r\u00e9servation d&rsquo;un nouveau voyage sur Best-itinerary.com.<\/li>\n\n\n\n<li><strong>La carte cadeau est utilisable en une seule fois<\/strong> dans son int\u00e9gralit\u00e9. Elle ne peut donner lieu \u00e0 aucun remboursement, m\u00eame partiel, ni \u00e0 aucun rendu de monnaie. Si le montant du voyage choisi est inf\u00e9rieur \u00e0 la valeur de la carte, le reliquat sera d\u00e9finitivement perdu et ne pourra \u00eatre report\u00e9 sur une autre prestation.<\/li>\n\n\n\n<li><strong>La validit\u00e9 de la carte<\/strong> est de 12 mois \u00e0 compter de sa date d&rsquo;\u00e9mission (ou de la date de fin du jeu concours pour les gains sur les r\u00e9seaux sociaux). Pass\u00e9 ce d\u00e9lai, elle ne pourra plus \u00eatre utilis\u00e9e ni prolong\u00e9e.<\/li>\n\n\n\n<li><strong>Le cumul d&rsquo;offres<\/strong> n&rsquo;est pas autoris\u00e9&nbsp;: la carte cadeau n&rsquo;est pas cumulable avec nos offres de parrainage, ni avec d&rsquo;autres promotions ou codes de r\u00e9duction en cours, sauf mention contraire.<\/li>\n\n\n\n<li><strong>Le caract\u00e8re personnel<\/strong>&nbsp;: La carte est nominative (sauf mention sp\u00e9cifique) et ne peut \u00eatre revendue ou \u00e9chang\u00e9e contre sa valeur mon\u00e9taire.<\/li>\n\n\n\n<li><strong>En cas d&rsquo;annulation<\/strong> du voyage par le b\u00e9n\u00e9ficiaire, la part du r\u00e8glement effectu\u00e9e au moyen de la carte cadeau est consid\u00e9r\u00e9e comme consomm\u00e9e. Elle ne donnera lieu \u00e0 aucun remboursement, ni \u00e0 l&rsquo;\u00e9mission d&rsquo;un nouveau cr\u00e9dit voyage ou avoir, quelle que soit la cause de l&rsquo;annulation.<\/li>\n<\/ul>\n","protected":false},"excerpt":{"rendered":"<p>Offrez la pr\u00e9paration d&rsquo;un voyage sur mesure Pourquoi offrir une carte cadeau voyage sur mesure est la meilleure id\u00e9e de cadeau de No\u00ebl&nbsp;? L&rsquo;organisation d&rsquo;un voyage est longue et fastidieuse. C&rsquo;est beaucoup de temps pass\u00e9 pour trouver les bonnes infos [&hellip;]<\/p>\n","protected":false},"author":4,"featured_media":59519,"parent":0,"menu_order":0,"comment_status":"closed","ping_status":"closed","template":"","meta":{"content-type":"","footnotes":""},"class_list":["post-12520","page","type-page","status-publish","has-post-thumbnail","hentry"],"_links":{"self":[{"href":"https:\/\/best-itinerary.com\/fr\/wp-json\/wp\/v2\/pages\/12520","targetHints":{"allow":["GET"]}}],"collection":[{"href":"https:\/\/best-itinerary.com\/fr\/wp-json\/wp\/v2\/pages"}],"about":[{"href":"https:\/\/best-itinerary.com\/fr\/wp-json\/wp\/v2\/types\/page"}],"author":[{"embeddable":true,"href":"https:\/\/best-itinerary.com\/fr\/wp-json\/wp\/v2\/users\/4"}],"replies":[{"embeddable":true,"href":"https:\/\/best-itinerary.com\/fr\/wp-json\/wp\/v2\/comments?post=12520"}],"version-history":[{"count":102,"href":"https:\/\/best-itinerary.com\/fr\/wp-json\/wp\/v2\/pages\/12520\/revisions"}],"predecessor-version":[{"id":65926,"href":"https:\/\/best-itinerary.com\/fr\/wp-json\/wp\/v2\/pages\/12520\/revisions\/65926"}],"wp:featuredmedia":[{"embeddable":true,"href":"https:\/\/best-itinerary.com\/fr\/wp-json\/wp\/v2\/media\/59519"}],"wp:attachment":[{"href":"https:\/\/best-itinerary.com\/fr\/wp-json\/wp\/v2\/media?parent=12520"}],"curies":[{"name":"wp","href":"https:\/\/api.w.org\/{rel}","templated":true}]}}